{"id":24469,"date":"2025-03-17T14:57:25","date_gmt":"2025-03-17T13:57:25","guid":{"rendered":"https:\/\/kultur-mitte.de\/?page_id=24469"},"modified":"2025-05-05T16:15:47","modified_gmt":"2025-05-05T14:15:47","slug":"privacy-policy-facebook","status":"publish","type":"page","link":"https:\/\/kultur-mitte.de\/en\/impressum-und-datenschutzerklaerung\/privacy-policy-facebook\/","title":{"rendered":"Privacy Policy Facebook"},"content":{"rendered":"\n<p><strong>Preamble<\/strong><\/p>\n\n\n\n<p>Hereinafter we inform you about the nature, scope and purpose of the processing of your personal data when visiting our Facebook pages at \u201eKultur Mitte\u201c, \u201ebaerenzwinger.berlin\u201c, \u201egaleriewedding\u201c, \u201ekunstraummitte\u201c, \u201eklosterruine.berlin\u201c, \u201emittemuseum\u201c, \u201eMiKJugendkunstschule\u201c. Personal data is any information that relates to an identified or identifiable natural person.<\/p>\n\n\n\n<p>We operate these Facebook pages as part of our statutory mission, which is to provide public education in the field of art and culture in the Mitte district. One of our tasks is to provide information about the wide range of offers and projects in the cultural sector, and in particular to make our information easily accessible to all interested parties.<\/p>\n\n\n\n<p><strong>1. Controllers, Data Protection Officers<\/strong><\/p>\n\n\n\n<p>(1) The person responsible (\u201cController\u201d) within the meaning of the EU General Data Protection Regulation (GDPR) is the natural or legal person which, alone or jointly with others, determines the purposes and means of the processing of personal data.<\/p>\n\n\n\n<p>(2) Controller within the meaning of the GDPR for the personal data processed by ourselves when you visit our Facebook pages is Bezirksamt Mitte von Berlin, Fachbereich Kunst, Kultur und Geschichte, Rathaus Tiergarten, Mathilde-Jacob-Platz 1, 10551 Berlin, presse@ba-mitte.berlin.de (hereinafter \u201cwe\u201d).<\/p>\n\n\n\n<p>(3) Our Data Protection Officer is Ms Sandra M\u00fcller, Rathaus Tiergarten, Mathilde-Jacob-Platz 1, 10551 Berlin, datenschutz@ba-mitte.berlin.de.<\/p>\n\n\n\n<p>(4) Besides us, the provider of the \u201cFacebook\u201d platform also processes personal data of its visitors. Platform provider and insofar responsible within the meaning of the GDPR is Meta Platforms Ireland Limited, 4 Grand Canal Square, Grand Canal Harbour, Dublin 2, Ireland (hereinafter \u201cFacebook\u201d). You can find Facebook\u2019s privacy policy at facebook.com\/policy.php.<\/p>\n\n\n\n<p>(5) You can contact Facebook\u2019s Data Protection Officer following the instructions on facebook.com\/help\/contact\/540977946302970.<\/p>\n\n\n\n<p><strong>2. Statistical evaluation of page visits (\u201cInsights\u201d)<\/strong><\/p>\n\n\n\n<p>(1) When you visit our Facebook pages, personal information about you (e.g. age, gender, language and location) and your activities on our page (e.g. which posts you have read, commented on or rated as \u201cLike\u201d) will contribute to statistical reports we are provided with by Facebook. Facebook calls these statistics \u201cInsights\u201d. From these statistics we can read, for example, for which age groups which of our posts are particularly interesting. However, from \u201cInsights\u201d we cannot draw any conclusions about individual persons. In particular, we cannot identify the people who have visited our Facebook pages. The data processing is based on our statutory purpose to provide information about our educational work. The \u201cInsights\u201d help us to better understand our visitors\u2019 interests and adapt our online content accordingly (task in the public interest pursuant to Article 6 (1) e GDPR).<\/p>\n\n\n\n<p>(2) More information on what data is processed in which way by Facebook to generate the \u201cInsights\u201d Facebook has published at facebook.com\/legal\/terms\/page_controller_addendum.<\/p>\n\n\n\n<p>(3) The document referred to in paragraph 2 also contains the agreement between us and Facebook as to who is responsible for fulfilling what obligations under the GDPR (\u201cPage Insights Addendum regarding the Responsible Person&#8221;).<\/p>\n\n\n\n<p>(4) We ourselves have no influence on the compilation of the \u201cInsights\u201d and the associated data processing by Facebook. We neither have access to the raw data the \u201eInsights\u201c are compiled from.<\/p>\n\n\n\n<p><strong>3. Cookies<\/strong><\/p>\n\n\n\n<p>Facebook uses various cookies. Cookies are small text files which are stored on your device when you visit the Facebook platform and which enable Facebook and certain service providers co-operating with Facebook to recognise your device on your next visit, as far as your internet browser permits this according to your preferences in your browser\u2019s settings. Facebook explains how these cookies work and which purposes they serve in detail at facebook.com\/policy\/cookies\/printable. We \u2013 as the provider of the individual Facebook pages \u2013 do not have access to the cookies nor to the data associated with them.<\/p>\n\n\n\n<p><strong>4. Contacting us<\/strong><\/p>\n\n\n\n<p>(1) When you contact us via Facebook, Facebook will forward the message you have entered to us together with your contact details and other personal data (e.g. name, e-mail address, telephone number, date of birth) that you have stored in your Facebook account, to the extent that you have authorised this data to be forwarded.<\/p>\n\n\n\n<p>(2) If you send us a message by e-mail, we will save your message along with the sender details (your name and e-mail address) in order to be able to answer it and also to respond to possible subsequent questions. For reception, storage and sending of e-mails, we use processing services of  all-inkl.com (Ren\u00e9 M\u00fcnnich, Hauptstra\u00dfe 68, 02742 Friedersdorf) in accordance with Article 28 GDPR.<\/p>\n\n\n\n<p>(3) This data processing is based on our statutory mission to keep in touch with people interested in our educational work, so we will read and answer your message and handle possible follow-up requests from you (Article 6 (1) e GDPR). We will erase the information collected from your message no later than at the end of the calendar year that follows upon the last communication with you on your request, subject to the provision in the following paragraph.<\/p>\n\n\n\n<p>(4) If you send us a message with information legally relevant for a contractual relationship, the legal basis for the processing is Article 6 (1) b GDPR, regardless of how you transmitted your message to us. In such a case, we will erase the data related to your message as soon as all mutual claims arising from the contractual relationship have been completely settled and the commercial and fiscal retention periods have expired.<\/p>\n\n\n\n<p><strong>5. Your Rights<\/strong><\/p>\n\n\n\n<p>With regard to your personal data we process, you have the following rights:<\/p>\n\n\n\n<p>(1) You have the right to obtain a confirmation from us as to whether we process personal data concerning you. If this is the case, we will inform you about the personal data stored about you and the further information in accordance with Article 15 (1) and (2) GDPR.<\/p>\n\n\n\n<p>(2) You have the right to have your inaccurate personal data rectified without undue delay. Taking into account the purposes of processing, you also have the right to request the completion of incomplete personal data, including by means of providing a supplementary statement.<\/p>\n\n\n\n<p>(3) You can demand the erasure of your personal data concerning you under the conditions of Article 17 (1) GDPR without undue delay, as far as their processing is not necessary according to Article 17 (3) GDPR.<\/p>\n\n\n\n<p>(4) You may demand that we restrict the processing of your data if one of the requirements of Article 18 (1) GDPR applies. In particular, you can request the restriction instead of an erasure.<\/p>\n\n\n\n<p>(5) We will communicate any rectification or erasure of your personal data and a restriction of processing to all recipients to whom we have disclosed your personal data, unless this proves impossible or involves a disproportionate effort. We will also inform you about these recipients if you request it.<\/p>\n\n\n\n<p>(6) You have the right to receive the personal data which you provide to us in a structured, commonly used and machine-readable format. You may also request that we transmit the data to another controller without hindrance, where technically feasible.<\/p>\n\n\n\n<p>(7) As far as a data processing is based on your given consent, you have the right to, withdraw your consent at any time. The withdrawal of consent shall not affect the lawfulness of the data processing based on consent before its withdrawal.<\/p>\n\n\n\n<p>(8) ON GROUNDS RELATING TO YOUR PARTICULAR SITUATION, YOU MAY, AT ANY TIME, OBJECT TO PROCESSING OF YOUR PERSONAL DATA; this right applies to a processing, according to Article 6 (1) f GDPR, necessary for the purposes of the legitimate interests pursued by us or by a third party, except where such interests are overridden by your interests or fundamental rights and freedoms of the data subject which require protection of personal data, in particular where the data subject is a child. If you exercise your right to object, we will no longer process the personal data in question unless we can demonstrate compelling legitimate grounds for processing that override the interests, rights and freedoms of you, or for the establishment, exercise or defense of legal claims.<\/p>\n\n\n\n<p>(9) IN CASE WE PROCESS PERSONAL DATA FOR DIRECT MARKETING PURPOSES (E.G. NEWSLETTER), YOU MAY, AT ANY TIME, OBJECT TO PROCESSING OF YOUR PERSONAL DATA FOR THE PURPOSE OF SUCH ADVERTISING, WITH THE RESULT THAT WE WILL NO LONGER PROCESS YOUR DATA FOR THESE PURPOSES.<\/p>\n\n\n\n<p>(10) If you believe that the processing of your personal data is in breach of the GDPR, you may lodge a complaint with a supervisory authority, in particular in the Member State of your habitual residence, place of work or place of the alleged infringement. This does not exclude other administrative or judicial remedies.<\/p>\n\n\n\n<p><\/p>\n","protected":false},"excerpt":{"rendered":"<p>Preamble Hereinafter we inform you about the nature, scope and purpose of the processing of your personal data when visiting our Facebook pages at \u201eKultur Mitte\u201c, \u201ebaerenzwinger.berlin\u201c, \u201egaleriewedding\u201c, \u201ekunstraummitte\u201c, \u201eklosterruine.berlin\u201c, \u201emittemuseum\u201c, \u201eMiKJugendkunstschule\u201c. Personal data is any information that relates to an identified or identifiable natural person. We operate these Facebook pages as part of our&#8230;  <a class=\"excerpt-read-more\" href=\"https:\/\/kultur-mitte.de\/en\/impressum-und-datenschutzerklaerung\/privacy-policy-facebook\/\" title=\"Read Privacy Policy Facebook\">Read more &raquo;<\/a><\/p>\n","protected":false},"author":23,"featured_media":0,"parent":2544,"menu_order":0,"comment_status":"closed","ping_status":"closed","template":"","meta":{"_acf_changed":false,"footnotes":""},"class_list":["post-24469","page","type-page","status-publish","hentry"],"acf":[],"yoast_head":"<!-- This site is optimized with the Yoast SEO plugin v27.4 - https:\/\/yoast.com\/product\/yoast-seo-wordpress\/ -->\n<title>Privacy Policy Facebook - Kultur Mitte<\/title>\n<meta name=\"robots\" content=\"index, follow, max-snippet:-1, max-image-preview:large, max-video-preview:-1\" \/>\n<link rel=\"canonical\" href=\"https:\/\/kultur-mitte.de\/en\/impressum-und-datenschutzerklaerung\/privacy-policy-facebook\/\" \/>\n<meta property=\"og:locale\" content=\"en_US\" \/>\n<meta property=\"og:type\" content=\"article\" \/>\n<meta property=\"og:title\" content=\"Privacy Policy Facebook - Kultur Mitte\" \/>\n<meta property=\"og:description\" content=\"Preamble Hereinafter we inform you about the nature, scope and purpose of the processing of your personal data when visiting our Facebook pages at \u201eKultur Mitte\u201c, \u201ebaerenzwinger.berlin\u201c, \u201egaleriewedding\u201c, \u201ekunstraummitte\u201c, \u201eklosterruine.berlin\u201c, \u201emittemuseum\u201c, \u201eMiKJugendkunstschule\u201c. Personal data is any information that relates to an identified or identifiable natural person. We operate these Facebook pages as part of our... Read more &raquo;\" \/>\n<meta property=\"og:url\" content=\"https:\/\/kultur-mitte.de\/en\/impressum-und-datenschutzerklaerung\/privacy-policy-facebook\/\" \/>\n<meta property=\"og:site_name\" content=\"Kultur Mitte\" \/>\n<meta property=\"article:publisher\" content=\"https:\/\/www.facebook.com\/kulturmitte\/?locale=de_DE\" \/>\n<meta property=\"article:modified_time\" content=\"2025-05-05T14:15:47+00:00\" \/>\n<meta name=\"twitter:card\" content=\"summary_large_image\" \/>\n<meta name=\"twitter:label1\" content=\"Est. reading time\" \/>\n\t<meta name=\"twitter:data1\" content=\"8 minutes\" \/>\n<script type=\"application\/ld+json\" class=\"yoast-schema-graph\">{\"@context\":\"https:\\\/\\\/schema.org\",\"@graph\":[{\"@type\":\"WebPage\",\"@id\":\"https:\\\/\\\/kultur-mitte.de\\\/en\\\/impressum-und-datenschutzerklaerung\\\/privacy-policy-facebook\\\/\",\"url\":\"https:\\\/\\\/kultur-mitte.de\\\/en\\\/impressum-und-datenschutzerklaerung\\\/privacy-policy-facebook\\\/\",\"name\":\"Privacy Policy Facebook - Kultur Mitte\",\"isPartOf\":{\"@id\":\"https:\\\/\\\/kultur-mitte.de\\\/en\\\/#website\"},\"datePublished\":\"2025-03-17T13:57:25+00:00\",\"dateModified\":\"2025-05-05T14:15:47+00:00\",\"breadcrumb\":{\"@id\":\"https:\\\/\\\/kultur-mitte.de\\\/en\\\/impressum-und-datenschutzerklaerung\\\/privacy-policy-facebook\\\/#breadcrumb\"},\"inLanguage\":\"en-US\",\"potentialAction\":[{\"@type\":\"ReadAction\",\"target\":[\"https:\\\/\\\/kultur-mitte.de\\\/en\\\/impressum-und-datenschutzerklaerung\\\/privacy-policy-facebook\\\/\"]}]},{\"@type\":\"BreadcrumbList\",\"@id\":\"https:\\\/\\\/kultur-mitte.de\\\/en\\\/impressum-und-datenschutzerklaerung\\\/privacy-policy-facebook\\\/#breadcrumb\",\"itemListElement\":[{\"@type\":\"ListItem\",\"position\":1,\"name\":\"Home\",\"item\":\"https:\\\/\\\/kultur-mitte.de\\\/en\\\/\"},{\"@type\":\"ListItem\",\"position\":2,\"name\":\"Imprint\",\"item\":\"https:\\\/\\\/kultur-mitte.de\\\/en\\\/impressum-und-datenschutzerklaerung\\\/\"},{\"@type\":\"ListItem\",\"position\":3,\"name\":\"Privacy Policy Facebook\"}]},{\"@type\":\"WebSite\",\"@id\":\"https:\\\/\\\/kultur-mitte.de\\\/en\\\/#website\",\"url\":\"https:\\\/\\\/kultur-mitte.de\\\/en\\\/\",\"name\":\"Kultur Mitte\",\"description\":\"\",\"potentialAction\":[{\"@type\":\"SearchAction\",\"target\":{\"@type\":\"EntryPoint\",\"urlTemplate\":\"https:\\\/\\\/kultur-mitte.de\\\/en\\\/?s={search_term_string}\"},\"query-input\":{\"@type\":\"PropertyValueSpecification\",\"valueRequired\":true,\"valueName\":\"search_term_string\"}}],\"inLanguage\":\"en-US\"}]}<\/script>\n<!-- \/ Yoast SEO plugin. -->","yoast_head_json":{"title":"Privacy Policy Facebook - Kultur Mitte","robots":{"index":"index","follow":"follow","max-snippet":"max-snippet:-1","max-image-preview":"max-image-preview:large","max-video-preview":"max-video-preview:-1"},"canonical":"https:\/\/kultur-mitte.de\/en\/impressum-und-datenschutzerklaerung\/privacy-policy-facebook\/","og_locale":"en_US","og_type":"article","og_title":"Privacy Policy Facebook - Kultur Mitte","og_description":"Preamble Hereinafter we inform you about the nature, scope and purpose of the processing of your personal data when visiting our Facebook pages at \u201eKultur Mitte\u201c, \u201ebaerenzwinger.berlin\u201c, \u201egaleriewedding\u201c, \u201ekunstraummitte\u201c, \u201eklosterruine.berlin\u201c, \u201emittemuseum\u201c, \u201eMiKJugendkunstschule\u201c. Personal data is any information that relates to an identified or identifiable natural person. We operate these Facebook pages as part of our... Read more &raquo;","og_url":"https:\/\/kultur-mitte.de\/en\/impressum-und-datenschutzerklaerung\/privacy-policy-facebook\/","og_site_name":"Kultur Mitte","article_publisher":"https:\/\/www.facebook.com\/kulturmitte\/?locale=de_DE","article_modified_time":"2025-05-05T14:15:47+00:00","twitter_card":"summary_large_image","twitter_misc":{"Est. reading time":"8 minutes"},"schema":{"@context":"https:\/\/schema.org","@graph":[{"@type":"WebPage","@id":"https:\/\/kultur-mitte.de\/en\/impressum-und-datenschutzerklaerung\/privacy-policy-facebook\/","url":"https:\/\/kultur-mitte.de\/en\/impressum-und-datenschutzerklaerung\/privacy-policy-facebook\/","name":"Privacy Policy Facebook - Kultur Mitte","isPartOf":{"@id":"https:\/\/kultur-mitte.de\/en\/#website"},"datePublished":"2025-03-17T13:57:25+00:00","dateModified":"2025-05-05T14:15:47+00:00","breadcrumb":{"@id":"https:\/\/kultur-mitte.de\/en\/impressum-und-datenschutzerklaerung\/privacy-policy-facebook\/#breadcrumb"},"inLanguage":"en-US","potentialAction":[{"@type":"ReadAction","target":["https:\/\/kultur-mitte.de\/en\/impressum-und-datenschutzerklaerung\/privacy-policy-facebook\/"]}]},{"@type":"BreadcrumbList","@id":"https:\/\/kultur-mitte.de\/en\/impressum-und-datenschutzerklaerung\/privacy-policy-facebook\/#breadcrumb","itemListElement":[{"@type":"ListItem","position":1,"name":"Home","item":"https:\/\/kultur-mitte.de\/en\/"},{"@type":"ListItem","position":2,"name":"Imprint","item":"https:\/\/kultur-mitte.de\/en\/impressum-und-datenschutzerklaerung\/"},{"@type":"ListItem","position":3,"name":"Privacy Policy Facebook"}]},{"@type":"WebSite","@id":"https:\/\/kultur-mitte.de\/en\/#website","url":"https:\/\/kultur-mitte.de\/en\/","name":"Kultur Mitte","description":"","potentialAction":[{"@type":"SearchAction","target":{"@type":"EntryPoint","urlTemplate":"https:\/\/kultur-mitte.de\/en\/?s={search_term_string}"},"query-input":{"@type":"PropertyValueSpecification","valueRequired":true,"valueName":"search_term_string"}}],"inLanguage":"en-US"}]}},"_links":{"self":[{"href":"https:\/\/kultur-mitte.de\/en\/wp-json\/wp\/v2\/pages\/24469","targetHints":{"allow":["GET"]}}],"collection":[{"href":"https:\/\/kultur-mitte.de\/en\/wp-json\/wp\/v2\/pages"}],"about":[{"href":"https:\/\/kultur-mitte.de\/en\/wp-json\/wp\/v2\/types\/page"}],"author":[{"embeddable":true,"href":"https:\/\/kultur-mitte.de\/en\/wp-json\/wp\/v2\/users\/23"}],"replies":[{"embeddable":true,"href":"https:\/\/kultur-mitte.de\/en\/wp-json\/wp\/v2\/comments?post=24469"}],"version-history":[{"count":2,"href":"https:\/\/kultur-mitte.de\/en\/wp-json\/wp\/v2\/pages\/24469\/revisions"}],"predecessor-version":[{"id":25132,"href":"https:\/\/kultur-mitte.de\/en\/wp-json\/wp\/v2\/pages\/24469\/revisions\/25132"}],"up":[{"embeddable":true,"href":"https:\/\/kultur-mitte.de\/en\/wp-json\/wp\/v2\/pages\/2544"}],"wp:attachment":[{"href":"https:\/\/kultur-mitte.de\/en\/wp-json\/wp\/v2\/media?parent=24469"}],"curies":[{"name":"wp","href":"https:\/\/api.w.org\/{rel}","templated":true}]}}