{"id":2533,"date":"2020-10-13T18:42:44","date_gmt":"2020-10-13T16:42:44","guid":{"rendered":"http:\/\/mannhardt.alfahosting.org\/faq\/"},"modified":"2021-01-15T09:47:09","modified_gmt":"2021-01-15T08:47:09","slug":"faq","status":"publish","type":"page","link":"https:\/\/kultur-mitte.de\/en\/faq\/","title":{"rendered":"FAQ"},"content":{"rendered":"\n\n<div data-element=\"km-dropdowns-fullwidth\" id=\"km-custom-block_5faab50fce5d3\">\n\n    <div class=\"content-side-padding-negate mt-7\">\n        <div class=\"accordion\" id=\"km-custom-accordion-block_5faab50fce5d3\">\n                            <div class=\"card\">\n                    <div class=\"card-header p-0 d-flex align-items-center justify-content-lg-between\" id=\"heading-km-custom-block_5faab50fce5d3-1\">\n                        <h5 class=\"mb-0\">\n\t\t\t\t\t\t\t<div class=\"content-side-padding-negate-inner\">\n\t\t\t\t\t\t\t\t<button class=\"btn btn-link collapsed\" type=\"button\" data-toggle=\"collapse\" data-target=\"#accordion-block_5faab50fce5d3-collapse-1\" aria-expanded=\"false\" aria-controls=\"accordion-block_5faab50fce5d3-collapse-1\">\n\t\t\t\t\t\t\t\t\t<span>How do I apply for a plaque?<\/span>\n\t\t\t\t\t\t\t\t\t<img decoding=\"async\" src=\"https:\/\/kultur-mitte.de\/wp-content\/themes\/kulturmitte-theme-v3.1\/library\/images\/close-icon-thin.svg\" alt=\"icon close\">\n\t\t\t\t\t\t\t\t<\/button>\n\t\t\t\t\t\t\t<\/div>\n                        <\/h5>\n                    <\/div>\n\n                    <div id=\"accordion-block_5faab50fce5d3-collapse-1\" class=\"collapse\" aria-labelledby=\"heading-km-custom-block_5faab50fce5d3-1\" data-parent=\"#km-custom-accordion-block_5faab50fce5d3\" >\n                        <div class=\"card-body\">\n                            <div class=\"content-side-padding-negate-inner py-3\">\n                                <p>To apply for the installation of a plaque on a public building or in a green area in the Mitte district, please use the attached application form (application for special use). The application will be examined by the Office for Further Education and Culture, Department of Remembrance Culture and History of the Mitte District Office. The head of the department, Mr. Nathan Friedenberg (e-mail: friedenberg@mittemuseum.de), acts as the contact person for applications. After submission by the Department of Remembrance Culture and History to the Committee on Culture and Education of BVV Mitte, the final procedure for approval or rejection of the application will ensue. You will be informed of the decision by the Committee on Culture and Education of BVV Mitte. If your application is approved, please take note of the cooperation agreement and send a signed copy to Mr. Friedenberg. You will then receive a copy signed by the Office for Further Education and Culture and the Department of Remembrance Culture and History for your own records. If it is a memorial plaque application for a public street or green area, please submit the application form (application for special use) in parallel to the Streets and Green Spaces District Office of Berlin Mitte.<\/p>\n<p>Stra\u00dfen- und Gr\u00fcnfl\u00e4chenamt Mitte, Karl-Marx-Allee 31, 10178 Berlin, Telephone: (030) 9018-22829, Mr. Sch\u00f6nbaumsfeld Links Application form for a memorial plaque. Request for special use Cooperation agreement on the memorial plaque application<\/p>\n\n                            <\/div>\n                        <\/div>\n                    <\/div>\n                <\/div>\n                            <div class=\"card\">\n                    <div class=\"card-header p-0 d-flex align-items-center justify-content-lg-between\" id=\"heading-km-custom-block_5faab50fce5d3-2\">\n                        <h5 class=\"mb-0\">\n\t\t\t\t\t\t\t<div class=\"content-side-padding-negate-inner\">\n\t\t\t\t\t\t\t\t<button class=\"btn btn-link collapsed\" type=\"button\" data-toggle=\"collapse\" data-target=\"#accordion-block_5faab50fce5d3-collapse-2\" aria-expanded=\"false\" aria-controls=\"accordion-block_5faab50fce5d3-collapse-2\">\n\t\t\t\t\t\t\t\t\t<span>How can I find out about memorial plaques in the Mitte district?<\/span>\n\t\t\t\t\t\t\t\t\t<img decoding=\"async\" src=\"https:\/\/kultur-mitte.de\/wp-content\/themes\/kulturmitte-theme-v3.1\/library\/images\/close-icon-thin.svg\" alt=\"icon close\">\n\t\t\t\t\t\t\t\t<\/button>\n\t\t\t\t\t\t\t<\/div>\n                        <\/h5>\n                    <\/div>\n\n                    <div id=\"accordion-block_5faab50fce5d3-collapse-2\" class=\"collapse\" aria-labelledby=\"heading-km-custom-block_5faab50fce5d3-2\" data-parent=\"#km-custom-accordion-block_5faab50fce5d3\" >\n                        <div class=\"card-body\">\n                            <div class=\"content-side-padding-negate-inner py-3\">\n                                <p>How can I find out about memorial plaques in the Mitte district that are not yet listed on the site and how can I report them? To find out about memorial plaques or if you have any comments on this topic, please send an e-mail to <a href=\"mailto:info@mittemuseum.de\">info@mittemuseum.de<\/a>.<\/p>\n\n                            <\/div>\n                        <\/div>\n                    <\/div>\n                <\/div>\n                            <div class=\"card\">\n                    <div class=\"card-header p-0 d-flex align-items-center justify-content-lg-between\" id=\"heading-km-custom-block_5faab50fce5d3-3\">\n                        <h5 class=\"mb-0\">\n\t\t\t\t\t\t\t<div class=\"content-side-padding-negate-inner\">\n\t\t\t\t\t\t\t\t<button class=\"btn btn-link collapsed\" type=\"button\" data-toggle=\"collapse\" data-target=\"#accordion-block_5faab50fce5d3-collapse-3\" aria-expanded=\"false\" aria-controls=\"accordion-block_5faab50fce5d3-collapse-3\">\n\t\t\t\t\t\t\t\t\t<span>What are QR codes?<\/span>\n\t\t\t\t\t\t\t\t\t<img decoding=\"async\" src=\"https:\/\/kultur-mitte.de\/wp-content\/themes\/kulturmitte-theme-v3.1\/library\/images\/close-icon-thin.svg\" alt=\"icon close\">\n\t\t\t\t\t\t\t\t<\/button>\n\t\t\t\t\t\t\t<\/div>\n                        <\/h5>\n                    <\/div>\n\n                    <div id=\"accordion-block_5faab50fce5d3-collapse-3\" class=\"collapse\" aria-labelledby=\"heading-km-custom-block_5faab50fce5d3-3\" data-parent=\"#km-custom-accordion-block_5faab50fce5d3\" >\n                        <div class=\"card-body\">\n                            <div class=\"content-side-padding-negate-inner py-3\">\n                                <p>QR codes (&#8220;Quick Response Code&#8221;) are square barcodes, similar to the barcodes on packaging. They can be used to transfer a variety of information from the user to a smartphone or tablet, provided that it has an appropriate reading app (most smartphones no longer require separate reading apps as the smartphone\u2019s camera app will automatically recognise the QR code).<\/p>\n\n                            <\/div>\n                        <\/div>\n                    <\/div>\n                <\/div>\n                            <div class=\"card\">\n                    <div class=\"card-header p-0 d-flex align-items-center justify-content-lg-between\" id=\"heading-km-custom-block_5faab50fce5d3-4\">\n                        <h5 class=\"mb-0\">\n\t\t\t\t\t\t\t<div class=\"content-side-padding-negate-inner\">\n\t\t\t\t\t\t\t\t<button class=\"btn btn-link collapsed\" type=\"button\" data-toggle=\"collapse\" data-target=\"#accordion-block_5faab50fce5d3-collapse-4\" aria-expanded=\"false\" aria-controls=\"accordion-block_5faab50fce5d3-collapse-4\">\n\t\t\t\t\t\t\t\t\t<span>How do I use a QR code? <\/span>\n\t\t\t\t\t\t\t\t\t<img decoding=\"async\" src=\"https:\/\/kultur-mitte.de\/wp-content\/themes\/kulturmitte-theme-v3.1\/library\/images\/close-icon-thin.svg\" alt=\"icon close\">\n\t\t\t\t\t\t\t\t<\/button>\n\t\t\t\t\t\t\t<\/div>\n                        <\/h5>\n                    <\/div>\n\n                    <div id=\"accordion-block_5faab50fce5d3-collapse-4\" class=\"collapse\" aria-labelledby=\"heading-km-custom-block_5faab50fce5d3-4\" data-parent=\"#km-custom-accordion-block_5faab50fce5d3\" >\n                        <div class=\"card-body\">\n                            <div class=\"content-side-padding-negate-inner py-3\">\n                                <p>Simply capture the QR code with your mobile phone camera. The camera should then suggest a link to the website with information.<\/p>\n\n                            <\/div>\n                        <\/div>\n                    <\/div>\n                <\/div>\n                            <div class=\"card\">\n                    <div class=\"card-header p-0 d-flex align-items-center justify-content-lg-between\" id=\"heading-km-custom-block_5faab50fce5d3-5\">\n                        <h5 class=\"mb-0\">\n\t\t\t\t\t\t\t<div class=\"content-side-padding-negate-inner\">\n\t\t\t\t\t\t\t\t<button class=\"btn btn-link collapsed\" type=\"button\" data-toggle=\"collapse\" data-target=\"#accordion-block_5faab50fce5d3-collapse-5\" aria-expanded=\"false\" aria-controls=\"accordion-block_5faab50fce5d3-collapse-5\">\n\t\t\t\t\t\t\t\t\t<span> Where can I find the QR codes? <\/span>\n\t\t\t\t\t\t\t\t\t<img decoding=\"async\" src=\"https:\/\/kultur-mitte.de\/wp-content\/themes\/kulturmitte-theme-v3.1\/library\/images\/close-icon-thin.svg\" alt=\"icon close\">\n\t\t\t\t\t\t\t\t<\/button>\n\t\t\t\t\t\t\t<\/div>\n                        <\/h5>\n                    <\/div>\n\n                    <div id=\"accordion-block_5faab50fce5d3-collapse-5\" class=\"collapse\" aria-labelledby=\"heading-km-custom-block_5faab50fce5d3-5\" data-parent=\"#km-custom-accordion-block_5faab50fce5d3\" >\n                        <div class=\"card-body\">\n                            <div class=\"content-side-padding-negate-inner py-3\">\n                                <p>The codes are embedded in floor tiles, e.g. at Rosa-Luxemburg-Platz. At other locations, they are depicted by means of additional signs on already existing street signs with a short information text.<\/p>\n\n                            <\/div>\n                        <\/div>\n                    <\/div>\n                <\/div>\n                            <div class=\"card\">\n                    <div class=\"card-header p-0 d-flex align-items-center justify-content-lg-between\" id=\"heading-km-custom-block_5faab50fce5d3-6\">\n                        <h5 class=\"mb-0\">\n\t\t\t\t\t\t\t<div class=\"content-side-padding-negate-inner\">\n\t\t\t\t\t\t\t\t<button class=\"btn btn-link collapsed\" type=\"button\" data-toggle=\"collapse\" data-target=\"#accordion-block_5faab50fce5d3-collapse-6\" aria-expanded=\"false\" aria-controls=\"accordion-block_5faab50fce5d3-collapse-6\">\n\t\t\t\t\t\t\t\t\t<span> How do I apply for the (re)naming of a street?<\/span>\n\t\t\t\t\t\t\t\t\t<img decoding=\"async\" src=\"https:\/\/kultur-mitte.de\/wp-content\/themes\/kulturmitte-theme-v3.1\/library\/images\/close-icon-thin.svg\" alt=\"icon close\">\n\t\t\t\t\t\t\t\t<\/button>\n\t\t\t\t\t\t\t<\/div>\n                        <\/h5>\n                    <\/div>\n\n                    <div id=\"accordion-block_5faab50fce5d3-collapse-6\" class=\"collapse\" aria-labelledby=\"heading-km-custom-block_5faab50fce5d3-6\" data-parent=\"#km-custom-accordion-block_5faab50fce5d3\" >\n                        <div class=\"card-body\">\n                            <div class=\"content-side-padding-negate-inner py-3\">\n                                <p>Citizens can submit proposals for streets to be renamed to the responsible road construction authority. Proposals for street names are free of charge.<\/p>\n\n                            <\/div>\n                        <\/div>\n                    <\/div>\n                <\/div>\n                    <\/div>\n    <\/div>\n\n    <div class=\"content-side-padding-negate \">\n        <\/div>\n<\/div>","protected":false},"excerpt":{"rendered":"","protected":false},"author":1,"featured_media":0,"parent":0,"menu_order":0,"comment_status":"closed","ping_status":"closed","template":"","meta":{"_acf_changed":false,"footnotes":""},"class_list":["post-2533","page","type-page","status-publish","hentry"],"acf":[],"yoast_head":"<!-- This site is optimized with the Yoast SEO plugin v27.4 - https:\/\/yoast.com\/product\/yoast-seo-wordpress\/ -->\n<title>FAQ - Kultur Mitte<\/title>\n<meta name=\"robots\" content=\"index, follow, max-snippet:-1, max-image-preview:large, max-video-preview:-1\" \/>\n<link rel=\"canonical\" href=\"https:\/\/kultur-mitte.de\/en\/faq\/\" \/>\n<meta property=\"og:locale\" content=\"en_US\" \/>\n<meta property=\"og:type\" content=\"article\" \/>\n<meta property=\"og:title\" content=\"FAQ - Kultur Mitte\" \/>\n<meta property=\"og:url\" content=\"https:\/\/kultur-mitte.de\/en\/faq\/\" \/>\n<meta property=\"og:site_name\" content=\"Kultur Mitte\" \/>\n<meta property=\"article:publisher\" content=\"https:\/\/www.facebook.com\/kulturmitte\/?locale=de_DE\" \/>\n<meta property=\"article:modified_time\" content=\"2021-01-15T08:47:09+00:00\" \/>\n<meta name=\"twitter:card\" content=\"summary_large_image\" \/>\n<script type=\"application\/ld+json\" class=\"yoast-schema-graph\">{\"@context\":\"https:\\\/\\\/schema.org\",\"@graph\":[{\"@type\":\"WebPage\",\"@id\":\"https:\\\/\\\/kultur-mitte.de\\\/en\\\/faq\\\/\",\"url\":\"https:\\\/\\\/kultur-mitte.de\\\/en\\\/faq\\\/\",\"name\":\"FAQ - Kultur Mitte\",\"isPartOf\":{\"@id\":\"https:\\\/\\\/kultur-mitte.de\\\/en\\\/#website\"},\"datePublished\":\"2020-10-13T16:42:44+00:00\",\"dateModified\":\"2021-01-15T08:47:09+00:00\",\"breadcrumb\":{\"@id\":\"https:\\\/\\\/kultur-mitte.de\\\/en\\\/faq\\\/#breadcrumb\"},\"inLanguage\":\"en-US\",\"potentialAction\":[{\"@type\":\"ReadAction\",\"target\":[\"https:\\\/\\\/kultur-mitte.de\\\/en\\\/faq\\\/\"]}]},{\"@type\":\"BreadcrumbList\",\"@id\":\"https:\\\/\\\/kultur-mitte.de\\\/en\\\/faq\\\/#breadcrumb\",\"itemListElement\":[{\"@type\":\"ListItem\",\"position\":1,\"name\":\"Home\",\"item\":\"https:\\\/\\\/kultur-mitte.de\\\/en\\\/\"},{\"@type\":\"ListItem\",\"position\":2,\"name\":\"FAQ\"}]},{\"@type\":\"WebSite\",\"@id\":\"https:\\\/\\\/kultur-mitte.de\\\/en\\\/#website\",\"url\":\"https:\\\/\\\/kultur-mitte.de\\\/en\\\/\",\"name\":\"Kultur Mitte\",\"description\":\"\",\"potentialAction\":[{\"@type\":\"SearchAction\",\"target\":{\"@type\":\"EntryPoint\",\"urlTemplate\":\"https:\\\/\\\/kultur-mitte.de\\\/en\\\/?s={search_term_string}\"},\"query-input\":{\"@type\":\"PropertyValueSpecification\",\"valueRequired\":true,\"valueName\":\"search_term_string\"}}],\"inLanguage\":\"en-US\"}]}<\/script>\n<!-- \/ Yoast SEO plugin. -->","yoast_head_json":{"title":"FAQ - Kultur Mitte","robots":{"index":"index","follow":"follow","max-snippet":"max-snippet:-1","max-image-preview":"max-image-preview:large","max-video-preview":"max-video-preview:-1"},"canonical":"https:\/\/kultur-mitte.de\/en\/faq\/","og_locale":"en_US","og_type":"article","og_title":"FAQ - Kultur Mitte","og_url":"https:\/\/kultur-mitte.de\/en\/faq\/","og_site_name":"Kultur Mitte","article_publisher":"https:\/\/www.facebook.com\/kulturmitte\/?locale=de_DE","article_modified_time":"2021-01-15T08:47:09+00:00","twitter_card":"summary_large_image","schema":{"@context":"https:\/\/schema.org","@graph":[{"@type":"WebPage","@id":"https:\/\/kultur-mitte.de\/en\/faq\/","url":"https:\/\/kultur-mitte.de\/en\/faq\/","name":"FAQ - Kultur Mitte","isPartOf":{"@id":"https:\/\/kultur-mitte.de\/en\/#website"},"datePublished":"2020-10-13T16:42:44+00:00","dateModified":"2021-01-15T08:47:09+00:00","breadcrumb":{"@id":"https:\/\/kultur-mitte.de\/en\/faq\/#breadcrumb"},"inLanguage":"en-US","potentialAction":[{"@type":"ReadAction","target":["https:\/\/kultur-mitte.de\/en\/faq\/"]}]},{"@type":"BreadcrumbList","@id":"https:\/\/kultur-mitte.de\/en\/faq\/#breadcrumb","itemListElement":[{"@type":"ListItem","position":1,"name":"Home","item":"https:\/\/kultur-mitte.de\/en\/"},{"@type":"ListItem","position":2,"name":"FAQ"}]},{"@type":"WebSite","@id":"https:\/\/kultur-mitte.de\/en\/#website","url":"https:\/\/kultur-mitte.de\/en\/","name":"Kultur Mitte","description":"","potentialAction":[{"@type":"SearchAction","target":{"@type":"EntryPoint","urlTemplate":"https:\/\/kultur-mitte.de\/en\/?s={search_term_string}"},"query-input":{"@type":"PropertyValueSpecification","valueRequired":true,"valueName":"search_term_string"}}],"inLanguage":"en-US"}]}},"_links":{"self":[{"href":"https:\/\/kultur-mitte.de\/en\/wp-json\/wp\/v2\/pages\/2533","targetHints":{"allow":["GET"]}}],"collection":[{"href":"https:\/\/kultur-mitte.de\/en\/wp-json\/wp\/v2\/pages"}],"about":[{"href":"https:\/\/kultur-mitte.de\/en\/wp-json\/wp\/v2\/types\/page"}],"author":[{"embeddable":true,"href":"https:\/\/kultur-mitte.de\/en\/wp-json\/wp\/v2\/users\/1"}],"replies":[{"embeddable":true,"href":"https:\/\/kultur-mitte.de\/en\/wp-json\/wp\/v2\/comments?post=2533"}],"version-history":[{"count":19,"href":"https:\/\/kultur-mitte.de\/en\/wp-json\/wp\/v2\/pages\/2533\/revisions"}],"predecessor-version":[{"id":5597,"href":"https:\/\/kultur-mitte.de\/en\/wp-json\/wp\/v2\/pages\/2533\/revisions\/5597"}],"wp:attachment":[{"href":"https:\/\/kultur-mitte.de\/en\/wp-json\/wp\/v2\/media?parent=2533"}],"curies":[{"name":"wp","href":"https:\/\/api.w.org\/{rel}","templated":true}]}}