{"id":2557,"date":"2020-10-13T19:11:55","date_gmt":"2020-10-13T17:11:55","guid":{"rendered":"http:\/\/mannhardt.alfahosting.org\/stadtkultur\/kunst-im-stadtraum\/"},"modified":"2025-07-21T12:48:48","modified_gmt":"2025-07-21T10:48:48","slug":"kunst-im-stadtraum","status":"publish","type":"page","link":"https:\/\/kultur-mitte.de\/en\/stadtkultur\/kunst-im-stadtraum\/","title":{"rendered":"Art in Public Space"},"content":{"rendered":"\n<div data-element=\"km-image-slider\" id=\"km-custom-block_6d87d08605b0ba746b5322d4790b50e4\" >\n                            <!-- more than one image in slider -->\n        <!-- slick slider -->\n        <div class=\"slick \">\n                                                                                            \n                <figure role=\"group\">\n                    <div class=\"slick-open-lightbox\">\n                        <div class=\"slick-img-wrapper cover\">\n                                                            <img data-lazy=\"https:\/\/kultur-mitte.de\/wp-content\/uploads\/2025\/04\/2503014-1024x683.jpg\" alt=\"Street in the evening sun with green billboard saying \"unterwandern\"\">\n                                                    <\/div>\n                        <div class=\"caption-container mt-3\">\n                                                                                        <figcaption class=\"slider-caption font-mono text-center\">\n                                    <span>Opening &#8220;r\u00fcbermachen&#8221; by msk7 as part of KISR &#8211; Kunst im Stadtraum an der Leipziger Stra\u00dfe. Credit: Laura Fiorio<\/span>\n                                <\/figcaption>\n                                                    <\/div>\n                    <\/div>\n                <\/figure>\n                    <\/div>\n    \n                <div class=\"content-side-padding-negate \">\n        <hr class=\"mt-4\"><\/div>    \n        <div class=\"km-lightbox-slider gone\">\n    <div class=\"btn-lightbox-close-wrap p-3 p-md-4\">\n        <button class=\"btn-lightbox-close\" type=\"button\" data-parent-url=\"\"  data-parent-title=\"\">\n            <span class=\"sr-only\">close overlay<\/span>\n            <img decoding=\"async\" class=\"icon-close\" src=\"https:\/\/kultur-mitte.de\/wp-content\/themes\/kulturmitte-theme-v3.1\/library\/images\/close-icon.svg\" alt=\"\">\n        <\/button>\n    <\/div>\n                            <!-- slick slider -->\n        <div class=\"slick-lightbox slick__single\">\n                                                                                                            <div class=\"slide\">\n                    <figure role=\"group\">\n                        <div class=\"slick-img-wrapper cover\">\n                                                            <img data-lazy=\"https:\/\/kultur-mitte.de\/wp-content\/uploads\/2025\/04\/2503014-1024x683.jpg\" alt=\"Street in the evening sun with green billboard saying \"unterwandern\"\">\n                                                    <\/div>\n                    <\/figure>\n                    <div class=\"caption-container\">\n                        <div class=\"d-flex align-items-start justify-content-center w-100\">\n                                                            <figcaption class=\"slider-caption font-mono text-center pt-3\">\n                                    <span>Opening &#8220;r\u00fcbermachen&#8221; by msk7 as part of KISR &#8211; Kunst im Stadtraum an der Leipziger Stra\u00dfe. Credit: Laura Fiorio<\/span>\n                                <\/figcaption>\n                                                                                <\/div>\n                                            <\/div>\n                <\/div>\n                    <\/div>\n        <!-- EOF slick slider -->\n    <\/div>\n<\/div>\n\n\n    \n\n\n<div data-element=\"km-introtext\" id=\"km-custom-block_f31b696fca2aec9ab20ccfd4d96058f8\">\n    <div class=\"row has-border pb-0\">\n        <div class=\"col\">\n            <h2 class=\"font-size-big font-size-24-36\">\n                <p>The free and public accessibility of Art in Public Space contributes to the democratic self-image of the city of Berlin and is part of a broad field of activism and awareness in the arts. In the past few decades artists have increasingly been relating to and working in public space. The city in turn uses art projects for its city marketing and to solve urban planning issues. But what is actually the current state of art in public space? What are its current manifestations? What potential do they have? And what are suitable structures, forms and methods of mediation for contemporary Art in Public Space? On this page you will find information about the realisation of cultural and artistic projects in public space in the Mitte district.<\/p>\n<p>You can find a detailed description of the projects on our <a href=\"https:\/\/kultur-mitte.de\/stadtkultur\/projekte\/\" rel=\"external noopener noreferrer\" data-wpel-link=\"external\">German-language website.<\/a><\/p>\n\n            <\/h2>\n        <\/div>\n    <\/div>\n\n        <div class=\"content-side-padding-negate \">\n        <hr ><\/div>\n<\/div>\n\n\n\n\n\n<div data-element=\"km-2-columns\" id=\"km-custom-block_08bb4354d8c2bfdc3e9e6d659fac6163\">\n\n    <div class=\"row mt-5 mb-md-5\">\n        <div class=\"col-24 col-sm-10 col-md-6\">\n            <div class=\"two-column-content-left font-size-base mt-2 mb-5 my-sm-0\">\n                <p>Art and Culture in Public Space<\/p>\n\n            <\/div>\n        <\/div>\n        <div class=\"col-24 col-sm-14 col-md-18 col-lg-17 \">\n            <p>Public space is a necessity for living together in a city. It offers a variety of usages for different interest groups. This includes Art and Culture in the Public Space, which is trying to contribute to the aesthetic and discursive impact of public space.<\/p>\n<p>The public space has complex requirements for usage that are implemented while taking numerous aspects into account as for example the use of road-surfaces, noise control, flora and fauna or preservation and protection of monuments. Connected to this, with a &#8220;Ausnahmegenehmigung&#8221; (special-use-permit\/certificate of exemption) the use of public space is, as an exception, legally permitted.<\/p>\n<p>Therefore, for the realization of temporary cultural and artistic projects in public space in the district of Mitte Berlin, an application for the \u201cAusnahmegenehmigung\u201d (special-use-permit\/certificate of exemption) has to be handed in at the <a href=\"https:\/\/www.berlin.de\/ba-mitte\/politik-und-verwaltung\/aemter\/strassen-und-gruenflaechenamt\/strassenverwaltung\/kunst-im-stadtraum-936846.php\">Stra\u00dfen- und Gr\u00fcnfl\u00e4chenamt des Bezirksamts Mitte von Berlin<\/a>.<\/p>\n\n        <\/div>\n    <\/div>\n\n        <div class=\"content-side-padding-negate \">\n        <hr ><\/div>\n<\/div>\n\n\n\n\n\n<div data-element=\"km-2-columns\" id=\"km-custom-block_a72357e3e4170a07399af0e52728674e\">\n\n    <div class=\"row mt-5 mb-md-5\">\n        <div class=\"col-24 col-sm-10 col-md-6\">\n            <div class=\"two-column-content-left font-size-base mt-2 mb-5 my-sm-0\">\n                <p>Consultations<\/p>\n\n            <\/div>\n        <\/div>\n        <div class=\"col-24 col-sm-14 col-md-18 col-lg-17 \">\n            <p>The Urban Culture Department offers free advice on the subject of art and culture in urban spaces. This allows artists, curators and cultural workers to clarify questions about the approval of their art project for public space in advance of the application.<\/p>\n<p>The consultation hours will take place online (by video call) every Tuesday from 10:00 to 12:30 from October 2022. We ask you to register for an appointment <a href=\"https:\/\/pretix.eu\/Stadtkultur-Mitte\/Beratung\/\">here<\/a>.<\/p>\n<p>&nbsp;<\/p>\n\n        <\/div>\n    <\/div>\n\n        <div class=\"content-side-padding-negate \">\n        <hr ><\/div>\n<\/div>\n\n\n\n\n\n<div data-element=\"km-2-columns\" id=\"km-custom-block_084ce373b30c57a15aafb442b744a2e7\">\n\n    <div class=\"row mt-5 mb-md-5\">\n        <div class=\"col-24 col-sm-10 col-md-6\">\n            <div class=\"two-column-content-left font-size-base mt-2 mb-5 my-sm-0\">\n                <p>Contact<\/p>\n\n            <\/div>\n        <\/div>\n        <div class=\"col-24 col-sm-14 col-md-18 col-lg-17 \">\n            <p>The field for City Culture in the Department for Art, Culture and History of the district office Berlin Mitte offers expert advice concerning the application for the \u201cAusnahmegenehmigung\u201d (special-use-permit\/certificate of exemption).<\/p>\n<p>Commission for Art in Public Space Office<br \/>\nJudith Laub<br \/>\n(030) 9018-33409<br \/>\n<a href=\"mailto:stadtkultur@ba-mitte.berlin.de\">stadtkultur@ba-mitte.berlin.de<\/a><\/p>\n\n        <\/div>\n    <\/div>\n\n        <div class=\"content-side-padding-negate \">\n        <hr ><\/div>\n<\/div>\n\n\n\n\n<div data-element=\"km-2-columns-downloads\" id=\"km-custom-block_81b8f3c7b8d6ad519392bbbdf7a4afc1\">\n\n    <div class=\"row\">\n        <div class=\"col-24 col-sm-10 col-md-6\">\n            <div>\n                <p>Application Form<\/p>\n\n            <\/div>\n        <\/div>\n        <div class=\"col-24 col-sm-14 col-md-18\">\n            <div class=\"list-download list-bordered\">\n                                    <div class=\"row list-bordered-item\">\n                        <div class=\"col p-0\">\n                            <div class=\"d-block d-md-flex py-3 align-items-center justify-content-between\">\n                                <div class=\"d-flex flex-column flex-md-row text-center text-md-left align-items-center\">\n                                    <!--<img decoding=\"async\" class=\"img-fluid d-none d-md-inline mr-md-3\" style=\"width:35px\" src=\"https:\/\/kultur-mitte.de\/wp-content\/themes\/kulturmitte-theme-v3.1\/library\/images\/logo-pdf.svg\" alt=\"icon document\">-->\n                                    <h4 style=\"padding-top: 5px;\">Sondernutzung <\/h4>\n                                <\/div>\n                                <div class=\"d-flex flex-column flex-md-row align-items-center justify-content-center justify-content-md-end justify-content-md-center\">\n                                                                                                                                                    <a href=\"https:\/\/www.berlin.de\/kunst-und-kultur-mitte\/stadtkultur\/fachkommission\/antrag_sondernutzung_kist.pdf\" target=\"_blank\" class=\"btn btn-md btn-outline-dark\" role=\"button\">\n                                        Download\n                                        <span class=\"icon-arrow-down\"><\/span>\n                                    <\/a>\n                                    <!-- <p>Size: 0kb<\/p> -->\n                                <\/div>\n                            <\/div>\n                        <\/div>\n                    <\/div>\n                            <\/ul>\n        <\/div>\n    <\/div>\n\n        <div class=\"content-side-padding-negate \">\n        <hr ><\/div>\n<\/div>\n\n\n<p><\/p>\n","protected":false},"excerpt":{"rendered":"","protected":false},"author":1,"featured_media":0,"parent":2554,"menu_order":0,"comment_status":"closed","ping_status":"closed","template":"","meta":{"_acf_changed":false,"footnotes":""},"class_list":["post-2557","page","type-page","status-publish","hentry"],"acf":[],"yoast_head":"<!-- This site is optimized with the Yoast SEO plugin v27.3 - https:\/\/yoast.com\/product\/yoast-seo-wordpress\/ -->\n<title>Art in Public Space - Kultur Mitte<\/title>\n<meta name=\"robots\" content=\"index, follow, max-snippet:-1, max-image-preview:large, max-video-preview:-1\" \/>\n<link rel=\"canonical\" href=\"https:\/\/kultur-mitte.de\/en\/stadtkultur\/kunst-im-stadtraum\/\" \/>\n<meta property=\"og:locale\" content=\"en_US\" \/>\n<meta property=\"og:type\" content=\"article\" \/>\n<meta property=\"og:title\" content=\"Art in Public Space - Kultur Mitte\" \/>\n<meta property=\"og:url\" content=\"https:\/\/kultur-mitte.de\/en\/stadtkultur\/kunst-im-stadtraum\/\" \/>\n<meta property=\"og:site_name\" content=\"Kultur Mitte\" \/>\n<meta property=\"article:publisher\" content=\"https:\/\/www.facebook.com\/kulturmitte\/?locale=de_DE\" \/>\n<meta property=\"article:modified_time\" content=\"2025-07-21T10:48:48+00:00\" \/>\n<meta name=\"twitter:card\" content=\"summary_large_image\" \/>\n<script type=\"application\/ld+json\" class=\"yoast-schema-graph\">{\"@context\":\"https:\\\/\\\/schema.org\",\"@graph\":[{\"@type\":\"WebPage\",\"@id\":\"https:\\\/\\\/kultur-mitte.de\\\/en\\\/stadtkultur\\\/kunst-im-stadtraum\\\/\",\"url\":\"https:\\\/\\\/kultur-mitte.de\\\/en\\\/stadtkultur\\\/kunst-im-stadtraum\\\/\",\"name\":\"Art in Public Space - Kultur Mitte\",\"isPartOf\":{\"@id\":\"https:\\\/\\\/kultur-mitte.de\\\/en\\\/#website\"},\"datePublished\":\"2020-10-13T17:11:55+00:00\",\"dateModified\":\"2025-07-21T10:48:48+00:00\",\"breadcrumb\":{\"@id\":\"https:\\\/\\\/kultur-mitte.de\\\/en\\\/stadtkultur\\\/kunst-im-stadtraum\\\/#breadcrumb\"},\"inLanguage\":\"en-US\",\"potentialAction\":[{\"@type\":\"ReadAction\",\"target\":[\"https:\\\/\\\/kultur-mitte.de\\\/en\\\/stadtkultur\\\/kunst-im-stadtraum\\\/\"]}]},{\"@type\":\"BreadcrumbList\",\"@id\":\"https:\\\/\\\/kultur-mitte.de\\\/en\\\/stadtkultur\\\/kunst-im-stadtraum\\\/#breadcrumb\",\"itemListElement\":[{\"@type\":\"ListItem\",\"position\":1,\"name\":\"Home\",\"item\":\"https:\\\/\\\/kultur-mitte.de\\\/en\\\/\"},{\"@type\":\"ListItem\",\"position\":2,\"name\":\"City Culture\",\"item\":\"https:\\\/\\\/kultur-mitte.de\\\/en\\\/stadtkultur\\\/\"},{\"@type\":\"ListItem\",\"position\":3,\"name\":\"Art in Public Space\"}]},{\"@type\":\"WebSite\",\"@id\":\"https:\\\/\\\/kultur-mitte.de\\\/en\\\/#website\",\"url\":\"https:\\\/\\\/kultur-mitte.de\\\/en\\\/\",\"name\":\"Kultur Mitte\",\"description\":\"\",\"potentialAction\":[{\"@type\":\"SearchAction\",\"target\":{\"@type\":\"EntryPoint\",\"urlTemplate\":\"https:\\\/\\\/kultur-mitte.de\\\/en\\\/?s={search_term_string}\"},\"query-input\":{\"@type\":\"PropertyValueSpecification\",\"valueRequired\":true,\"valueName\":\"search_term_string\"}}],\"inLanguage\":\"en-US\"}]}<\/script>\n<!-- \/ Yoast SEO plugin. -->","yoast_head_json":{"title":"Art in Public Space - Kultur Mitte","robots":{"index":"index","follow":"follow","max-snippet":"max-snippet:-1","max-image-preview":"max-image-preview:large","max-video-preview":"max-video-preview:-1"},"canonical":"https:\/\/kultur-mitte.de\/en\/stadtkultur\/kunst-im-stadtraum\/","og_locale":"en_US","og_type":"article","og_title":"Art in Public Space - Kultur Mitte","og_url":"https:\/\/kultur-mitte.de\/en\/stadtkultur\/kunst-im-stadtraum\/","og_site_name":"Kultur Mitte","article_publisher":"https:\/\/www.facebook.com\/kulturmitte\/?locale=de_DE","article_modified_time":"2025-07-21T10:48:48+00:00","twitter_card":"summary_large_image","schema":{"@context":"https:\/\/schema.org","@graph":[{"@type":"WebPage","@id":"https:\/\/kultur-mitte.de\/en\/stadtkultur\/kunst-im-stadtraum\/","url":"https:\/\/kultur-mitte.de\/en\/stadtkultur\/kunst-im-stadtraum\/","name":"Art in Public Space - Kultur Mitte","isPartOf":{"@id":"https:\/\/kultur-mitte.de\/en\/#website"},"datePublished":"2020-10-13T17:11:55+00:00","dateModified":"2025-07-21T10:48:48+00:00","breadcrumb":{"@id":"https:\/\/kultur-mitte.de\/en\/stadtkultur\/kunst-im-stadtraum\/#breadcrumb"},"inLanguage":"en-US","potentialAction":[{"@type":"ReadAction","target":["https:\/\/kultur-mitte.de\/en\/stadtkultur\/kunst-im-stadtraum\/"]}]},{"@type":"BreadcrumbList","@id":"https:\/\/kultur-mitte.de\/en\/stadtkultur\/kunst-im-stadtraum\/#breadcrumb","itemListElement":[{"@type":"ListItem","position":1,"name":"Home","item":"https:\/\/kultur-mitte.de\/en\/"},{"@type":"ListItem","position":2,"name":"City Culture","item":"https:\/\/kultur-mitte.de\/en\/stadtkultur\/"},{"@type":"ListItem","position":3,"name":"Art in Public Space"}]},{"@type":"WebSite","@id":"https:\/\/kultur-mitte.de\/en\/#website","url":"https:\/\/kultur-mitte.de\/en\/","name":"Kultur Mitte","description":"","potentialAction":[{"@type":"SearchAction","target":{"@type":"EntryPoint","urlTemplate":"https:\/\/kultur-mitte.de\/en\/?s={search_term_string}"},"query-input":{"@type":"PropertyValueSpecification","valueRequired":true,"valueName":"search_term_string"}}],"inLanguage":"en-US"}]}},"_links":{"self":[{"href":"https:\/\/kultur-mitte.de\/en\/wp-json\/wp\/v2\/pages\/2557","targetHints":{"allow":["GET"]}}],"collection":[{"href":"https:\/\/kultur-mitte.de\/en\/wp-json\/wp\/v2\/pages"}],"about":[{"href":"https:\/\/kultur-mitte.de\/en\/wp-json\/wp\/v2\/types\/page"}],"author":[{"embeddable":true,"href":"https:\/\/kultur-mitte.de\/en\/wp-json\/wp\/v2\/users\/1"}],"replies":[{"embeddable":true,"href":"https:\/\/kultur-mitte.de\/en\/wp-json\/wp\/v2\/comments?post=2557"}],"version-history":[{"count":114,"href":"https:\/\/kultur-mitte.de\/en\/wp-json\/wp\/v2\/pages\/2557\/revisions"}],"predecessor-version":[{"id":26233,"href":"https:\/\/kultur-mitte.de\/en\/wp-json\/wp\/v2\/pages\/2557\/revisions\/26233"}],"up":[{"embeddable":true,"href":"https:\/\/kultur-mitte.de\/en\/wp-json\/wp\/v2\/pages\/2554"}],"wp:attachment":[{"href":"https:\/\/kultur-mitte.de\/en\/wp-json\/wp\/v2\/media?parent=2557"}],"curies":[{"name":"wp","href":"https:\/\/api.w.org\/{rel}","templated":true}]}}